{"id":8203,"date":"2022-03-16T13:46:58","date_gmt":"2022-03-16T12:46:58","guid":{"rendered":"https:\/\/bestassurance-dz.com\/?page_id=8203"},"modified":"2022-03-16T14:46:40","modified_gmt":"2022-03-16T13:46:40","slug":"notre-mission","status":"publish","type":"page","link":"https:\/\/bestassurance-dz.com\/en\/notre-mission\/","title":{"rendered":"Notre Mission"},"content":{"rendered":"<div class=\"vc_row wpb_row vc_row-fluid\"><div class=\"wpb_column vc_column_container vc_col-sm-12\"><div class=\"vc_column-inner\"><div class=\"wpb_wrapper\"><div class=\"stm-spacing\" id=\"stm-spacing-69f55f4ea976d\"><\/div>\n<script>\n    (function($){\n        \"use strict\";\n        var spacingID = 'stm-spacing-69f55f4ea976d',\n            lgSpacing = '3rem',\n            mdSpacing = '3rem',\n            smSpacing = '3rem',\n            xsSpacing = '2rem';\n\n        function stmSpacing() {\n            if ( window.matchMedia(\"(min-width: 1200px)\").matches && lgSpacing ) {\n                $( '#' + spacingID ).css ( \"height\", lgSpacing );\n            } else if ( window.matchMedia(\"(max-width: 1199px) and (min-width: 992px )\").matches && mdSpacing ) {\n                $( '#' + spacingID ).css ( \"height\", mdSpacing );\n            } else if ( window.matchMedia(\"(max-width: 991px) and (min-width: 768px )\").matches && smSpacing ) {\n                $( '#' + spacingID ).css ( \"height\", smSpacing );\n            } else if ( window.matchMedia(\"(max-width: 767px)\").matches && xsSpacing ) {\n                $( '#' + spacingID ).css ( \"height\", xsSpacing );\n            } else {\n                $( '#' + spacingID ).css ( \"height\", \"\" );\n            }\n        }\n\n        $(document).ready(function() {\n            stmSpacing();\n        });\n\n        $(window).resize(function() {\n            stmSpacing();\n        });\n\n    })(jQuery);\n<\/script><\/div><\/div><\/div><\/div><section class=\"vc_section\"><div class=\"vc_row wpb_row vc_row-fluid\"><div class=\"wpb_column vc_column_container vc_col-sm-9\"><div class=\"vc_column-inner\"><div class=\"wpb_wrapper\"><div class=\"vc_custom_heading text_align_left\" ><h2 style=\"text-align: left\" class=\"consulting-custom-title\">Notre Mission<\/h2><\/div>\n\t<div class=\"wpb_text_column wpb_content_element\" >\n\t\t<div class=\"wpb_wrapper\">\n\t\t\t<ul>\n<li><strong>Identification et analyse des risques g\u00e9n\u00e9r\u00e9s par l\u2019activit\u00e9 de l\u2019assur\u00e9.<\/strong><\/li>\n<li><strong>Visite de risque par des experts sp\u00e9cialis\u00e9s pour l\u2019\u00e9laboration d\u2019un plan de pr\u00e9vention et de protection des biens.<\/strong><\/li>\n<li><strong>Audit des polices d\u2019assurances en cours de validit\u00e9 et \u00e9laboration d\u2019un plan d\u2019assurance adapt\u00e9 \u00e0 la taille et aux risques de l\u2019entreprise.<\/strong><\/li>\n<li><strong>Conception d\u2019un cahier des charges technique de consultation destin\u00e9e aux fournisseurs des garanties (Compagnies d\u2019assurances agr\u00e9\u00e9es).<\/strong><\/li>\n<li><strong>Consultation aupr\u00e8s du march\u00e9 national des assurances pour obtenir des meilleures conditions de couverture au moindre co\u00fbt.<\/strong><\/li>\n<li><strong>Management op\u00e9rationnel des risques et suivi des risques et des sinistres de l\u2019entreprise durant toute la p\u00e9riode d\u2019assurance.<\/strong><\/li>\n<\/ul>\n\n\t\t<\/div>\n\t<\/div>\n<div class=\"vc_custom_heading text_align_left\" ><h2 style=\"text-align: left\" class=\"consulting-custom-title\">La Qualit\u00e9 de Service est Notre Chalenge<\/h2><\/div>\n\t<div class=\"wpb_text_column wpb_content_element\" >\n\t\t<div class=\"wpb_wrapper\">\n\t\t\t<ul>\n<li><strong>D\u00e9finition des besoins r\u00e9els de couverture face aux risques du patrimoine et des responsabilit\u00e9s encourus ;<\/strong><\/li>\n<li><strong>Conception de cahier des charges technique d\u2019assurance ;<\/strong><\/li>\n<li><strong>Organisation des consultations d\u2019assurance aupr\u00e8s des compagnies d\u2019assurance ;<\/strong><\/li>\n<li><strong>N\u00e9gociation des conditions de couverture des risques et des tarifs aupr\u00e8s de la compagnie d\u2019assurance ;<\/strong><\/li>\n<li><strong>\u00c9laboration et contr\u00f4le des projets des polices d\u2019assurance avant signature par l\u2019assur\u00e9 ;<\/strong><\/li>\n<li><strong>Adaptation des contrats d\u2019assurance aux exigences r\u00e8glementaires et \u00e9volution des risques ;<\/strong><\/li>\n<li><strong>Assistance de l\u2019assur\u00e9 et suivi des dossiers sinistres depuis la d\u00e9claration jusqu\u2019au r\u00e8glement d\u00e9finitif ;<\/strong><\/li>\n<li><strong>Organisation des s\u00e9minaires et journ\u00e9es d\u2019\u00e9tudes sur les assurances.<\/strong><\/li>\n<\/ul>\n\n\t\t<\/div>\n\t<\/div>\n<\/div><\/div><\/div><div class=\"wpb_column vc_column_container vc_col-sm-3\"><div class=\"vc_column-inner\"><div class=\"wpb_wrapper\">\n<div class=\"stm_sidebar\">\n\n            <style type=\"text\/css\" scoped>\n            .vc_custom_1452056597103{margin-right: 0px !important;margin-bottom: 30px !important;margin-left: 0px !important;}.vc_custom_1451998133493{margin-bottom: 30px !important;}.vc_custom_1646226002689{margin-bottom: 30px !important;}.vc_custom_1452056633692{padding-top: 37px !important;padding-right: 30px !important;padding-bottom: 40px !important;padding-left: 30px !important;}.vc_custom_1646224993334{margin-bottom: 9px !important;}.vc_custom_1646225120338{margin-bottom: 17px !important;}        <\/style>\n        <div class=\"vc_row wpb_row vc_row-fluid\"><div class=\"wpb_column vc_column_container vc_col-sm-12\"><div class=\"vc_column-inner\"><div class=\"wpb_wrapper\"><div class=\"vc_wp_custommenu wpb_content_element\"><\/div><div class=\"vc_btn3-container vc_btn3-left vc_custom_1646226002689\" ><button class=\"vc_general vc_btn3 vc_btn3-size-lg vc_btn3-shape-rounded vc_btn3-style-flat vc_btn3-block vc_btn3-icon-left vc_btn3-color-theme_style_1\"><i class=\"vc_btn3-icon far fa-file-pdf\"><\/i> Pr\u00e9sentation<\/button><\/div><\/div><\/div><\/div><\/div><div class=\"vc_row wpb_row vc_row-fluid third_bg_color vc_custom_1452056597103\"><div class=\"wpb_column vc_column_container vc_col-sm-12\"><div class=\"vc_column-inner vc_custom_1452056633692\"><div class=\"wpb_wrapper\"><div class=\"vc_custom_heading vc_custom_1646224993334 text_align_left\" ><div style=\"font-size: 16px;color: #222222;text-align: left;font-family:Poppins;font-weight:600;font-style:normal\" class=\"consulting-custom-title\">Best Assurance<\/div><\/div>\n\t<div class=\"wpb_text_column wpb_content_element  vc_custom_1646225120338\" >\n\t\t<div class=\"wpb_wrapper\">\n\t\t\t<p>Soci\u00e9t\u00e9 de Conseil et de Courtage en Assurance<\/p>\n\n\t\t<\/div>\n\t<\/div>\n<div class=\"vc_btn3-container vc_btn3-inline\" ><a class=\"vc_general vc_btn3 vc_btn3-size-sm vc_btn3-shape-rounded vc_btn3-style-flat vc_btn3-icon-left vc_btn3-color-white\" href=\"https:\/\/bestassurance-dz.com\/en\/contact\/\" title=\"\"><i class=\"vc_btn3-icon fas fa-phone-square-alt\"><\/i> Contacts<\/a><\/div><\/div><\/div><\/div><\/div><div class=\"vc_row wpb_row vc_row-fluid vc_custom_1451998133493\"><div class=\"wpb_column vc_column_container vc_col-sm-12\"><div class=\"vc_column-inner\"><div class=\"wpb_wrapper\">\n\n            <div class=\"stm_testimonials cols_1 style_1\">\n                            <div class=\"item\">\n                    <div class=\"testimonial\"><p  style=\"text-align:justify;\">L\u2019activit\u00e9 de courtage et de conseil en assurance a \u00e9t\u00e9 institu\u00e9e par l\u2019ordonnance N\u00b095\/07 du 25\/01\/95 relative aux assurances r\u00e9pondant \u00e0 un r\u00e9el besoin des Managers d\u2019entreprises pour un accompagnement d\u2019un professionnel en assurance en mati\u00e8re de conseil et de n\u00e9gociation pour la conclusion des contrats aupr\u00e8s des fournisseurs des garanties (Les Compagnies d\u2019assurance). Car, comme dit l\u2019adage,<\/p>\n<\/div>\n                    <div class=\"testimonial-info clearfix\">\n                        <div class=\"testimonial-image\"><img width=\"50\" height=\"50\" src=\"https:\/\/bestassurance-dz.com\/wp-content\/uploads\/2019\/09\/fav-icon-50x50.png\" class=\"attachment-consulting-image-50x50-croped size-consulting-image-50x50-croped wp-post-image\" alt=\"\" loading=\"lazy\" srcset=\"https:\/\/bestassurance-dz.com\/wp-content\/uploads\/2019\/09\/fav-icon-50x50.png 50w, https:\/\/bestassurance-dz.com\/wp-content\/uploads\/2019\/09\/fav-icon-300x300.png 300w, https:\/\/bestassurance-dz.com\/wp-content\/uploads\/2019\/09\/fav-icon-150x150.png 150w, https:\/\/bestassurance-dz.com\/wp-content\/uploads\/2019\/09\/fav-icon-320x320.png 320w, https:\/\/bestassurance-dz.com\/wp-content\/uploads\/2019\/09\/fav-icon-100x100.png 100w, https:\/\/bestassurance-dz.com\/wp-content\/uploads\/2019\/09\/fav-icon.png 512w\" sizes=\"(max-width: 50px) 100vw, 50px\" \/><\/div>\n                        <div class=\"testimonial-text\">\n                            <div class=\"name\">Best Assurance<\/div>\n                            <div class=\"company\">\n                                Conseils, Courtage,  N\u00e9gociations.                            <\/div>\n                        <\/div>\n                    <\/div>\n                <\/div>\n                    <\/div>\n    \n<\/div><\/div><\/div><\/div>\n    \n<\/div><\/div><\/div><\/div><\/div><div data-vc-full-width=\"true\" data-vc-full-width-init=\"false\" class=\"vc_row wpb_row vc_row-fluid vc_custom_1647438170021 vc_row-has-fill\"><div class=\"wpb_column vc_column_container vc_col-sm-12\"><div class=\"vc_column-inner\"><div class=\"wpb_wrapper\"><div class=\"vc_custom_heading text_align_center\" ><h2 style=\"color: #ffffff;text-align: center\" class=\"consulting-custom-title\">Domaine de Comp\u00e9tence<\/h2><\/div><div class=\"vc_row wpb_row vc_inner vc_row-fluid\"><div class=\"wpb_column vc_column_container vc_col-sm-6\"><div class=\"vc_column-inner\"><div class=\"wpb_wrapper\">\n\t<div class=\"wpb_text_column wpb_content_element\" >\n\t\t<div class=\"wpb_wrapper\">\n\t\t\t<ul>\n<li style=\"color: white;\"><strong>Accidents<\/strong><\/li>\n<li style=\"color: white;\"><strong>Maladies<\/strong><\/li>\n<li style=\"color: white;\"><strong>Corps de v\u00e9hicules terrestres (autres que Ferroviaires)<\/strong><\/li>\n<li style=\"color: white;\"><strong>Corps de v\u00e9hicules ferroviaires<\/strong><\/li>\n<li style=\"color: white;\"><strong>Corps de v\u00e9hicules a\u00e9riens<\/strong><\/li>\n<li style=\"color: white;\"><strong>Corps de v\u00e9hicules maritimes et lacustres<\/strong><\/li>\n<li style=\"color: white;\"><strong>Marchandises transport\u00e9es<\/strong><\/li>\n<li style=\"color: white;\"><strong>Incendies, explosions et \u00c9l\u00e9ments naturels<\/strong><\/li>\n<li style=\"color: white;\"><strong>Autres dommages aux biens<\/strong><\/li>\n<li style=\"color: white;\"><strong>Responsabilit\u00e9 civile des v\u00e9hicules terrestres Automoteurs<\/strong><\/li>\n<li style=\"color: white;\"><strong>Responsabilit\u00e9 civile des v\u00e9hicules a\u00e9riens<\/strong><\/li>\n<li style=\"color: white;\"><strong>Responsabilit\u00e9 civile des v\u00e9hicules maritimes et lacustres<\/strong><\/li>\n<\/ul>\n\n\t\t<\/div>\n\t<\/div>\n<\/div><\/div><\/div><div class=\"wpb_column vc_column_container vc_col-sm-6\"><div class=\"vc_column-inner\"><div class=\"wpb_wrapper\">\n\t<div class=\"wpb_text_column wpb_content_element\" >\n\t\t<div class=\"wpb_wrapper\">\n\t\t\t<ul>\n<li style=\"color: white;\"><strong>Responsabilit\u00e9 civile g\u00e9n\u00e9rale<\/strong><\/li>\n<li style=\"color: white;\"><strong>Cr\u00e9dits<\/strong><\/li>\n<li style=\"color: white;\"><strong>Caution<\/strong><\/li>\n<li style=\"color: white;\"><strong>Pertes p\u00e9cuniaires diverses<\/strong><\/li>\n<li style=\"color: white;\"><strong>Protection juridique<\/strong><\/li>\n<li style=\"color: white;\"><strong>Assistance (assistance aux personnes en difficult\u00e9, notamment au cours de d\u00e9placement)<\/strong><\/li>\n<li style=\"color: white;\"><strong>Vie-d\u00e9c\u00e8s<\/strong><\/li>\n<li style=\"color: white;\"><strong>Nuptialit\u00e9-natalit\u00e9<\/strong><\/li>\n<li style=\"color: white;\"><strong>Assurances li\u00e9es \u00e0 des fonds d\u2019investissements<\/strong><\/li>\n<li style=\"color: white;\"><strong>Capitalisation<\/strong><\/li>\n<li style=\"color: white;\"><strong>Gestion de fonds collectifs<\/strong><\/li>\n<li style=\"color: white;\"><strong>Pr\u00e9voyance collective.<\/strong><\/li>\n<\/ul>\n\n\t\t<\/div>\n\t<\/div>\n<\/div><\/div><\/div><\/div><div class=\"stm-spacing\" id=\"stm-spacing-69f55f4eae5f2\"><\/div>\n<script>\n    (function($){\n        \"use strict\";\n        var spacingID = 'stm-spacing-69f55f4eae5f2',\n            lgSpacing = '3rem',\n            mdSpacing = '3rem',\n            smSpacing = '3rem',\n            xsSpacing = '2rem';\n\n        function stmSpacing() {\n            if ( window.matchMedia(\"(min-width: 1200px)\").matches && lgSpacing ) {\n                $( '#' + spacingID ).css ( \"height\", lgSpacing );\n            } else if ( window.matchMedia(\"(max-width: 1199px) and (min-width: 992px )\").matches && mdSpacing ) {\n                $( '#' + spacingID ).css ( \"height\", mdSpacing );\n            } else if ( window.matchMedia(\"(max-width: 991px) and (min-width: 768px )\").matches && smSpacing ) {\n                $( '#' + spacingID ).css ( \"height\", smSpacing );\n            } else if ( window.matchMedia(\"(max-width: 767px)\").matches && xsSpacing ) {\n                $( '#' + spacingID ).css ( \"height\", xsSpacing );\n            } else {\n                $( '#' + spacingID ).css ( \"height\", \"\" );\n            }\n        }\n\n        $(document).ready(function() {\n            stmSpacing();\n        });\n\n        $(window).resize(function() {\n            stmSpacing();\n        });\n\n    })(jQuery);\n<\/script><\/div><\/div><\/div><\/div><div class=\"vc_row-full-width vc_clearfix\"><\/div><div data-vc-full-width=\"true\" data-vc-full-width-init=\"false\" class=\"vc_row wpb_row vc_row-fluid third_bg_color vc_custom_1647437551754\"><div class=\"wpb_column vc_column_container vc_col-sm-12\"><div class=\"vc_column-inner\"><div class=\"wpb_wrapper\">\n<section class=\"vc_cta3-container\" >\n    <div class=\"vc_general vc_cta3 third_bg_color vc_cta3-style-flat vc_cta3-shape-square vc_cta3-align-left vc_cta3-color-classic vc_cta3-icon-size-md vc_cta3-actions-right style=\"\"\">\n                        <div class=\"vc_cta3_content-container\">\n                                    <div class=\"vc_cta3-content\">\n                <header class=\"vc_cta3-content-header\">\n                    <div class=\"vc_custom_heading text_align_left\" ><h2 style=\"font-size: 20px;color: #000000;line-height: 24px;text-align: left\" class=\"consulting-custom-title\">Best Assurance Conseils - Courtage - N\u00e9gociations<\/h2><\/div>                                    <\/header>\n                            <\/div>\n                        <div class=\"vc_cta3-actions\"><div class=\"vc_btn3-container vc_btn3-right\" ><a class=\"vc_general vc_btn3 vc_btn3-size-md vc_btn3-shape-rounded vc_btn3-style-flat vc_btn3-block vc_btn3-icon-left vc_btn3-color-theme_style_2\" href=\"https:\/\/bestassurance-dz.com\/en\/\" title=\"\"><i class=\"vc_btn3-icon fas fa-home\"><\/i> Home<\/a><\/div><\/div>        <\/div>\n                    <\/div>\n<\/section><\/div><\/div><\/div><\/div><div class=\"vc_row-full-width vc_clearfix\"><\/div><\/section>","protected":false},"excerpt":{"rendered":"","protected":false},"author":1,"featured_media":0,"parent":0,"menu_order":0,"comment_status":"closed","ping_status":"closed","template":"","meta":[],"_links":{"self":[{"href":"https:\/\/bestassurance-dz.com\/en\/wp-json\/wp\/v2\/pages\/8203"}],"collection":[{"href":"https:\/\/bestassurance-dz.com\/en\/wp-json\/wp\/v2\/pages"}],"about":[{"href":"https:\/\/bestassurance-dz.com\/en\/wp-json\/wp\/v2\/types\/page"}],"author":[{"embeddable":true,"href":"https:\/\/bestassurance-dz.com\/en\/wp-json\/wp\/v2\/users\/1"}],"replies":[{"embeddable":true,"href":"https:\/\/bestassurance-dz.com\/en\/wp-json\/wp\/v2\/comments?post=8203"}],"version-history":[{"count":17,"href":"https:\/\/bestassurance-dz.com\/en\/wp-json\/wp\/v2\/pages\/8203\/revisions"}],"predecessor-version":[{"id":8222,"href":"https:\/\/bestassurance-dz.com\/en\/wp-json\/wp\/v2\/pages\/8203\/revisions\/8222"}],"wp:attachment":[{"href":"https:\/\/bestassurance-dz.com\/en\/wp-json\/wp\/v2\/media?parent=8203"}],"curies":[{"name":"wp","href":"https:\/\/api.w.org\/{rel}","templated":true}]}}