{"id":7810,"date":"2022-03-07T13:14:10","date_gmt":"2022-03-07T12:14:10","guid":{"rendered":"https:\/\/bestassurance-dz.com\/?page_id=7810"},"modified":"2022-03-07T14:17:07","modified_gmt":"2022-03-07T13:17:07","slug":"notre-demarche","status":"publish","type":"page","link":"https:\/\/bestassurance-dz.com\/en\/notre-demarche\/","title":{"rendered":"Notre d\u00e9marche"},"content":{"rendered":"<section class=\"vc_section\"><div class=\"vc_row wpb_row vc_row-fluid\"><div class=\"wpb_column vc_column_container vc_col-sm-12\"><div class=\"vc_column-inner\"><div class=\"wpb_wrapper\"><div class=\"stm-spacing\" id=\"stm-spacing-69f2e8c868ecf\"><\/div>\n<script>\n    (function($){\n        \"use strict\";\n        var spacingID = 'stm-spacing-69f2e8c868ecf',\n            lgSpacing = '3rem',\n            mdSpacing = '3rem',\n            smSpacing = '3rem',\n            xsSpacing = '2rem';\n\n        function stmSpacing() {\n            if ( window.matchMedia(\"(min-width: 1200px)\").matches && lgSpacing ) {\n                $( '#' + spacingID ).css ( \"height\", lgSpacing );\n            } else if ( window.matchMedia(\"(max-width: 1199px) and (min-width: 992px )\").matches && mdSpacing ) {\n                $( '#' + spacingID ).css ( \"height\", mdSpacing );\n            } else if ( window.matchMedia(\"(max-width: 991px) and (min-width: 768px )\").matches && smSpacing ) {\n                $( '#' + spacingID ).css ( \"height\", smSpacing );\n            } else if ( window.matchMedia(\"(max-width: 767px)\").matches && xsSpacing ) {\n                $( '#' + spacingID ).css ( \"height\", xsSpacing );\n            } else {\n                $( '#' + spacingID ).css ( \"height\", \"\" );\n            }\n        }\n\n        $(document).ready(function() {\n            stmSpacing();\n        });\n\n        $(window).resize(function() {\n            stmSpacing();\n        });\n\n    })(jQuery);\n<\/script><\/div><\/div><\/div><\/div><div class=\"vc_row wpb_row vc_row-fluid\"><div class=\"wpb_column vc_column_container vc_col-sm-9\"><div class=\"vc_column-inner\"><div class=\"wpb_wrapper\"><div class=\"vc_custom_heading text_align_left\" ><h2 style=\"text-align: left\" class=\"consulting-custom-title\">Notre D\u00e9marche<\/h2><\/div>\n\t<div class=\"wpb_text_column wpb_content_element\" >\n\t\t<div class=\"wpb_wrapper\">\n\t\t\t<div class=\"elementor-element elementor-element-039dc8b elementor-widget elementor-widget-text-editor\" data-id=\"039dc8b\" data-element_type=\"widget\" data-widget_type=\"text-editor.default\">\n<div class=\"elementor-widget-container\">\n<div class=\"elementor-text-editor elementor-clearfix\">\n<p class=\"p_tc\" style=\"text-align: justify; font-size: 16px;\">\u00a0\u00a0\u00a0\u00a0 Comment prot\u00e9ger le patrimoine confi\u00e9 dont on est responsables par une assurance aux meilleures conditions de couverture et de co\u00fbt ? \u00bb<\/p>\n<p class=\"p_tc\" style=\"text-align: justify; font-size: 16px;\">\u00a0\u00a0\u00a0\u00a0 Partageant le m\u00eame souci du Manager d\u2019Entreprise, nous avons projet\u00e9 notre d\u00e9marche vers cette perspective :<\/p>\n<ul>\n<li style=\"font-size: 14px; color: black;\">Audit des assurances en cours ;<\/li>\n<li style=\"font-size: 14px; color: black;\">Visite du risque et l\u2019\u00e9laboration d\u2019un plan de pr\u00e9vention ;<\/li>\n<li style=\"font-size: 14px; color: black;\">Identification et l\u2019analyse des risques potentiels ;<\/li>\n<li style=\"font-size: 14px; color: black;\">Choix des solutions d\u2019assurance les plus adapt\u00e9es ;<\/li>\n<li style=\"font-size: 14px; color: black;\">Conception d\u2019un programme d\u2019assurance et d\u2019un cahier des charges pour le lancement d\u2019une consultation du march\u00e9 national des assurances\u00a0;<\/li>\n<li style=\"font-size: 14px; color: black;\">N\u00e9gociation et placement des risques aux meilleures conditions de couverture et de co\u00fbt ;<\/li>\n<li style=\"font-size: 14px; color: black;\">Accompagnement en mati\u00e8re de conseil, d\u2019assistance, et de suivi des sinistres depuis la d\u00e9claration jusqu\u2019au r\u00e8glement d\u00e9finitif ;<\/li>\n<li style=\"font-size: 14px; color: black;\">Etablissement des tableaux de bord et statistiques p\u00e9riodiques.<\/li>\n<\/ul>\n<\/div>\n<\/div>\n<\/div>\n\n\t\t<\/div>\n\t<\/div>\n<\/div><\/div><\/div><div class=\"wpb_column vc_column_container vc_col-sm-3\"><div class=\"vc_column-inner\"><div class=\"wpb_wrapper\">\n<div class=\"stm_sidebar\">\n\n            <style type=\"text\/css\" scoped>\n            .vc_custom_1452056597103{margin-right: 0px !important;margin-bottom: 30px !important;margin-left: 0px !important;}.vc_custom_1451998133493{margin-bottom: 30px !important;}.vc_custom_1646226002689{margin-bottom: 30px !important;}.vc_custom_1452056633692{padding-top: 37px !important;padding-right: 30px !important;padding-bottom: 40px !important;padding-left: 30px !important;}.vc_custom_1646224993334{margin-bottom: 9px !important;}.vc_custom_1646225120338{margin-bottom: 17px !important;}        <\/style>\n        <div class=\"vc_row wpb_row vc_row-fluid\"><div class=\"wpb_column vc_column_container vc_col-sm-12\"><div class=\"vc_column-inner\"><div class=\"wpb_wrapper\"><div class=\"vc_wp_custommenu wpb_content_element\"><\/div><div class=\"vc_btn3-container vc_btn3-left vc_custom_1646226002689\" ><button class=\"vc_general vc_btn3 vc_btn3-size-lg vc_btn3-shape-rounded vc_btn3-style-flat vc_btn3-block vc_btn3-icon-left vc_btn3-color-theme_style_1\"><i class=\"vc_btn3-icon far fa-file-pdf\"><\/i> Pr\u00e9sentation<\/button><\/div><\/div><\/div><\/div><\/div><div class=\"vc_row wpb_row vc_row-fluid third_bg_color vc_custom_1452056597103\"><div class=\"wpb_column vc_column_container vc_col-sm-12\"><div class=\"vc_column-inner vc_custom_1452056633692\"><div class=\"wpb_wrapper\"><div class=\"vc_custom_heading vc_custom_1646224993334 text_align_left\" ><div style=\"font-size: 16px;color: #222222;text-align: left;font-family:Poppins;font-weight:600;font-style:normal\" class=\"consulting-custom-title\">Best Assurance<\/div><\/div>\n\t<div class=\"wpb_text_column wpb_content_element  vc_custom_1646225120338\" >\n\t\t<div class=\"wpb_wrapper\">\n\t\t\t<p>Soci\u00e9t\u00e9 de Conseil et de Courtage en Assurance<\/p>\n\n\t\t<\/div>\n\t<\/div>\n<div class=\"vc_btn3-container vc_btn3-inline\" ><a class=\"vc_general vc_btn3 vc_btn3-size-sm vc_btn3-shape-rounded vc_btn3-style-flat vc_btn3-icon-left vc_btn3-color-white\" href=\"https:\/\/bestassurance-dz.com\/en\/contact\/\" title=\"\"><i class=\"vc_btn3-icon fas fa-phone-square-alt\"><\/i> Contacts<\/a><\/div><\/div><\/div><\/div><\/div><div class=\"vc_row wpb_row vc_row-fluid vc_custom_1451998133493\"><div class=\"wpb_column vc_column_container vc_col-sm-12\"><div class=\"vc_column-inner\"><div class=\"wpb_wrapper\">\n\n            <div class=\"stm_testimonials cols_1 style_1\">\n                            <div class=\"item\">\n                    <div class=\"testimonial\"><p  style=\"text-align:justify;\">L\u2019activit\u00e9 de courtage et de conseil en assurance a \u00e9t\u00e9 institu\u00e9e par l\u2019ordonnance N\u00b095\/07 du 25\/01\/95 relative aux assurances r\u00e9pondant \u00e0 un r\u00e9el besoin des Managers d\u2019entreprises pour un accompagnement d\u2019un professionnel en assurance en mati\u00e8re de conseil et de n\u00e9gociation pour la conclusion des contrats aupr\u00e8s des fournisseurs des garanties (Les Compagnies d\u2019assurance). Car, comme dit l\u2019adage,<\/p>\n<\/div>\n                    <div class=\"testimonial-info clearfix\">\n                        <div class=\"testimonial-image\"><img width=\"50\" height=\"50\" src=\"https:\/\/bestassurance-dz.com\/wp-content\/uploads\/2019\/09\/fav-icon-50x50.png\" class=\"attachment-consulting-image-50x50-croped size-consulting-image-50x50-croped wp-post-image\" alt=\"\" loading=\"lazy\" srcset=\"https:\/\/bestassurance-dz.com\/wp-content\/uploads\/2019\/09\/fav-icon-50x50.png 50w, https:\/\/bestassurance-dz.com\/wp-content\/uploads\/2019\/09\/fav-icon-300x300.png 300w, https:\/\/bestassurance-dz.com\/wp-content\/uploads\/2019\/09\/fav-icon-150x150.png 150w, https:\/\/bestassurance-dz.com\/wp-content\/uploads\/2019\/09\/fav-icon-320x320.png 320w, https:\/\/bestassurance-dz.com\/wp-content\/uploads\/2019\/09\/fav-icon-100x100.png 100w, https:\/\/bestassurance-dz.com\/wp-content\/uploads\/2019\/09\/fav-icon.png 512w\" sizes=\"(max-width: 50px) 100vw, 50px\" \/><\/div>\n                        <div class=\"testimonial-text\">\n                            <div class=\"name\">Best Assurance<\/div>\n                            <div class=\"company\">\n                                Conseils, Courtage,  N\u00e9gociations.                            <\/div>\n                        <\/div>\n                    <\/div>\n                <\/div>\n                    <\/div>\n    \n<\/div><\/div><\/div><\/div>\n    \n<\/div><\/div><\/div><\/div><\/div><div data-vc-full-width=\"true\" data-vc-full-width-init=\"false\" class=\"vc_row wpb_row vc_row-fluid third_bg_color vc_custom_1646658761446\"><div class=\"wpb_column vc_column_container vc_col-sm-12\"><div class=\"vc_column-inner\"><div class=\"wpb_wrapper\">\n<section class=\"vc_cta3-container\" >\n    <div class=\"vc_general vc_cta3 third_bg_color vc_cta3-style-flat vc_cta3-shape-square vc_cta3-align-left vc_cta3-color-classic vc_cta3-icon-size-md vc_cta3-actions-right style=\"\"\">\n                        <div class=\"vc_cta3_content-container\">\n                                    <div class=\"vc_cta3-content\">\n                <header class=\"vc_cta3-content-header\">\n                    <div class=\"vc_custom_heading text_align_left\" ><h2 style=\"font-size: 20px;color: #000000;line-height: 24px;text-align: left\" class=\"consulting-custom-title\">Best Assurance Conseils - Courtage - N\u00e9gociations<\/h2><\/div>                                    <\/header>\n                            <\/div>\n                        <div class=\"vc_cta3-actions\"><div class=\"vc_btn3-container vc_btn3-right\" ><a class=\"vc_general vc_btn3 vc_btn3-size-md vc_btn3-shape-rounded vc_btn3-style-flat vc_btn3-block vc_btn3-icon-right vc_btn3-color-theme_style_2\" href=\"https:\/\/bestassurance-dz.com\/en\/\" title=\"\">Home <i class=\"vc_btn3-icon fas fa-home\"><\/i><\/a><\/div><\/div>        <\/div>\n                    <\/div>\n<\/section><\/div><\/div><\/div><\/div><div class=\"vc_row-full-width vc_clearfix\"><\/div><\/section>","protected":false},"excerpt":{"rendered":"","protected":false},"author":1,"featured_media":0,"parent":0,"menu_order":0,"comment_status":"closed","ping_status":"closed","template":"","meta":[],"_links":{"self":[{"href":"https:\/\/bestassurance-dz.com\/en\/wp-json\/wp\/v2\/pages\/7810"}],"collection":[{"href":"https:\/\/bestassurance-dz.com\/en\/wp-json\/wp\/v2\/pages"}],"about":[{"href":"https:\/\/bestassurance-dz.com\/en\/wp-json\/wp\/v2\/types\/page"}],"author":[{"embeddable":true,"href":"https:\/\/bestassurance-dz.com\/en\/wp-json\/wp\/v2\/users\/1"}],"replies":[{"embeddable":true,"href":"https:\/\/bestassurance-dz.com\/en\/wp-json\/wp\/v2\/comments?post=7810"}],"version-history":[{"count":15,"href":"https:\/\/bestassurance-dz.com\/en\/wp-json\/wp\/v2\/pages\/7810\/revisions"}],"predecessor-version":[{"id":7844,"href":"https:\/\/bestassurance-dz.com\/en\/wp-json\/wp\/v2\/pages\/7810\/revisions\/7844"}],"wp:attachment":[{"href":"https:\/\/bestassurance-dz.com\/en\/wp-json\/wp\/v2\/media?parent=7810"}],"curies":[{"name":"wp","href":"https:\/\/api.w.org\/{rel}","templated":true}]}}