{"id":6352,"date":"2015-12-15T07:37:48","date_gmt":"2015-12-15T07:37:48","guid":{"rendered":"http:\/\/consulting.stylemixthemes.com\/demo\/?page_id=11"},"modified":"2025-11-02T20:47:10","modified_gmt":"2025-11-02T19:47:10","slug":"contact","status":"publish","type":"page","link":"https:\/\/bestassurance-dz.com\/en\/contact\/","title":{"rendered":"Contactez Nous"},"content":{"rendered":"<div class=\"vc_row wpb_row vc_row-fluid vc_custom_1452509933393\"><div class=\"wpb_column vc_column_container vc_col-sm-12\"><div class=\"vc_column-inner\"><div class=\"wpb_wrapper\"><div class=\"vc_tta-container\" data-vc-action=\"collapse\"><div class=\"vc_general vc_tta vc_tta-tabs vc_tta-color-grey vc_tta-style-classic vc_tta-shape-square vc_tta-o-shape-group  theme_style vc_tta-o-no-fill vc_tta-tabs-position-top vc_tta-controls-align-center\"><div class=\"vc_tta-tabs-container\"><ul class=\"vc_tta-tabs-list\"><li class=\"vc_tta-tab vc_active\" data-vc-tab><a href=\"#1452257567229-e5f623b2-41c0\" data-vc-tabs data-vc-container=\".vc_tta\"><i class=\"vc_tta-icon fas fa-building\"><\/i><span class=\"vc_tta-title-text\">Bureau de Constantine (Si\u00e8ge social)<\/span><\/a><\/li><li class=\"vc_tta-tab\" data-vc-tab><a href=\"#1452509683679-b4680d19-a860\" data-vc-tabs data-vc-container=\".vc_tta\"><i class=\"vc_tta-icon fas fa-building\"><\/i><span class=\"vc_tta-title-text\">Bureau d'Alger<\/span><\/a><\/li><li class=\"vc_tta-tab\" data-vc-tab><a href=\"#1452509682381-ee09d239-2bfa\" data-vc-tabs data-vc-container=\".vc_tta\"><i class=\"vc_tta-icon fas fa-building\"><\/i><span class=\"vc_tta-title-text\">Bureau d'Oran<\/span><\/a><\/li><\/ul><\/div><div class=\"vc_tta-panels-container\"><div class=\"vc_tta-panels\"><div class=\"vc_tta-panel vc_active\" id=\"1452257567229-e5f623b2-41c0\" data-vc-content=\".vc_tta-panel-body\"><div class=\"vc_tta-panel-heading\"><h4 class=\"vc_tta-panel-title\"><a href=\"#1452257567229-e5f623b2-41c0\" data-vc-accordion data-vc-container=\".vc_tta-container\"><i class=\"vc_tta-icon fas fa-building\"><\/i><span class=\"vc_tta-title-text\">Bureau de Constantine (Si\u00e8ge social)<\/span><\/a><\/h4><\/div><div class=\"vc_tta-panel-body\"><div class=\"vc_row wpb_row vc_inner vc_row-fluid vc_custom_1452504967583\"><div class=\"wpb_column vc_column_container vc_col-sm-4\"><div class=\"vc_column-inner\"><div class=\"wpb_wrapper\">\n\t<div  class=\"wpb_single_image wpb_content_element vc_align_left\">\n\t\t\n\t\t<figure class=\"wpb_wrapper vc_figure\">\n\t\t\t<div class=\"vc_single_image-wrapper   vc_box_border_grey\"><img width=\"350\" height=\"265\" src=\"https:\/\/bestassurance-dz.com\/wp-content\/uploads\/2022\/03\/logo-contact.png\" class=\"vc_single_image-img attachment-full\" alt=\"\" loading=\"lazy\" srcset=\"https:\/\/bestassurance-dz.com\/wp-content\/uploads\/2022\/03\/logo-contact.png 350w, https:\/\/bestassurance-dz.com\/wp-content\/uploads\/2022\/03\/logo-contact-300x227.png 300w\" sizes=\"(max-width: 350px) 100vw, 350px\" \/><\/div>\n\t\t<\/figure>\n\t<\/div>\n<\/div><\/div><\/div><div class=\"wpb_column vc_column_container vc_col-sm-4\"><div class=\"vc_column-inner\"><div class=\"wpb_wrapper\"><div class=\"wpb_gmaps_widget wpb_content_element\"><div class=\"wpb_wrapper\"><div class=\"wpb_map_wraper\"><iframe src=\"https:\/\/www.google.com\/maps\/embed?pb=!1m18!1m12!1m3!1d3213.4380660206716!2d6.6128669152772614!3d36.35016668004366!2m3!1f0!2f0!3f0!3m2!1i1024!2i768!4f13.1!3m3!1m2!1s0x0%3A0x0!2zMzbCsDIxJzAwLjYiTiA2wrAzNic1NC4yIkU!5e0!3m2!1sfr!2sdz!4v1623590549472!5m2!1sfr!2sdz\" width=\"600\" height=\"330\" style=\"border:0;\" allowfullscreen=\"\" loading=\"lazy\"><\/iframe><\/div><\/div><\/div><\/div><\/div><\/div><div class=\"wpb_column vc_column_container vc_col-sm-4\"><div class=\"vc_column-inner\"><div class=\"wpb_wrapper\">\n<div class=\"stm_contacts_widget vc_custom_1762112763283 overlay_3 style_1\">\n    \n            <h4 class=\"no_stripe\">D\u00e9tails du Contact<\/h4>\n    \n    \n        <ul>\n                            <li>\n                    <div class=\"icon\"><i class=\"fa fa-map-marker\"><\/i><\/div>\n                    <div class=\"text\">Cit\u00e9 BIDI Louiza, Villa B5, 25000 - Constantine<\/div>\n                <\/li>\n                                        <li>\n                    <div class=\"icon\"><i class=\"fa fa-phone\"><\/i><\/div>\n                    <div class=\"text\">\n                        Directeur G\u00e9n\u00e9ral : +213 39 38 70 25, Secr\u00e9tariat : +213 39 38 70 23 \/ +213 39 38 70 27, Service Technique : +213 39 38 70 28, Fax : +213 39 00 69 32                                            <\/div>\n                <\/li>\n                                                    <li>\n                    <div class=\"icon\"><i class=\"fa fa-envelope\"><\/i><\/div>\n                    <div class=\"text\"><a href=\"mailto:&#99;&#111;&#110;&#116;ac&#116;&#64;&#98;es&#116;&#97;&#115;&#115;&#117;&#114;anc&#101;-&#100;&#122;.&#99;&#111;m\">&#99;on&#116;&#97;ct&#64;&#98;es&#116;&#97;s&#115;&#117;r&#97;&#110;&#99;e&#45;dz&#46;&#99;om<\/a><\/div>\n                <\/li>\n                                <\/ul>\n                    <ul class=\"socials\">\n                                    <li><a href=\"https:\/\/www.facebook.com\/BestAssuranceDz\" target=\"_blank\" class=\"social-facebook\"><i class=\"fa fa-facebook\"><\/i><\/a><\/li>\n                                                                    <li><a href=\"https:\/\/dz.linkedin.com\/company\/best-assurance\" target=\"_blank\" class=\"social-linkedin\"><i class=\"fa fa-linkedin\"><\/i><\/a><\/li>\n                                                            <\/ul>\n        \n    \n<\/div><\/div><\/div><\/div><\/div><div class=\"vc_row wpb_row vc_inner vc_row-fluid\"><div class=\"wpb_column vc_column_container vc_col-sm-8\"><div class=\"vc_column-inner\"><div class=\"wpb_wrapper\"><div class=\"vc_custom_heading vc_custom_1623675592703 text_align_left\" ><h4 style=\"text-align: left\" class=\"consulting-custom-title\">Contact<\/h4><\/div><\/div><\/div><\/div><div class=\"wpb_column vc_column_container vc_col-sm-4\"><div class=\"vc_column-inner\"><div class=\"wpb_wrapper\"><div class=\"vc_custom_heading text_align_left\" ><h4 style=\"text-align: left\" class=\"consulting-custom-title\">Manageur<\/h4><\/div>    <div class=\"stm_contact_two clearfix\">\n                    <div class=\"stm_contact_image\">\n                <img class=\"\" src=\"https:\/\/bestassurance-dz.com\/wp-content\/uploads\/2019\/09\/M.BOUDRAA-174x174.jpg\" width=\"174\" height=\"174\" alt=\"M.BOUDRAA\" title=\"M.BOUDRAA\" \/>            <\/div>\n                <div class=\"stm_contact_info\">\n            <h5 class=\"no_stripe\">Mr. BOUDRAA Abdelaziz<\/h5>\n                            <div class=\"stm_contact_job\">Directeur g\u00e9n\u00e9ral<\/div>\n                                        <div class=\"stm_contact_row\"><i class=\"fa fa-phone\"><\/i> +213 661 30 18 57                    <br\/>+213 770 06 40 24<\/div>\n                                        <div class=\"stm_contact_row\"><i class=\"fa fa-envelope\"><\/i> <a\n                        href=\"mailto:a.b&#111;&#117;dr&#97;&#97;&#64;be&#115;&#116;ass&#117;&#114;an&#99;&#101;&#45;dz.c&#111;&#109;\">a&#46;bo&#117;d&#114;aa&#64;&#98;&#101;st&#97;s&#115;uranc&#101;-dz.com<\/a>\n                <\/div>\n                                <\/div>\n    <\/div>\n<\/div><\/div><\/div><\/div><\/div><\/div><div class=\"vc_tta-panel\" id=\"1452509683679-b4680d19-a860\" data-vc-content=\".vc_tta-panel-body\"><div class=\"vc_tta-panel-heading\"><h4 class=\"vc_tta-panel-title\"><a href=\"#1452509683679-b4680d19-a860\" data-vc-accordion data-vc-container=\".vc_tta-container\"><i class=\"vc_tta-icon fas fa-building\"><\/i><span class=\"vc_tta-title-text\">Bureau d'Alger<\/span><\/a><\/h4><\/div><div class=\"vc_tta-panel-body\"><div class=\"vc_row wpb_row vc_inner vc_row-fluid vc_custom_1452504967583\"><div class=\"wpb_column vc_column_container vc_col-sm-4\"><div class=\"vc_column-inner\"><div class=\"wpb_wrapper\">\n\t<div  class=\"wpb_single_image wpb_content_element vc_align_left\">\n\t\t\n\t\t<figure class=\"wpb_wrapper vc_figure\">\n\t\t\t<div class=\"vc_single_image-wrapper   vc_box_border_grey\"><img width=\"350\" height=\"265\" src=\"https:\/\/bestassurance-dz.com\/wp-content\/uploads\/2022\/03\/logo-contact.png\" class=\"vc_single_image-img attachment-full\" alt=\"\" loading=\"lazy\" srcset=\"https:\/\/bestassurance-dz.com\/wp-content\/uploads\/2022\/03\/logo-contact.png 350w, https:\/\/bestassurance-dz.com\/wp-content\/uploads\/2022\/03\/logo-contact-300x227.png 300w\" sizes=\"(max-width: 350px) 100vw, 350px\" \/><\/div>\n\t\t<\/figure>\n\t<\/div>\n<\/div><\/div><\/div><div class=\"wpb_column vc_column_container vc_col-sm-4\"><div class=\"vc_column-inner\"><div class=\"wpb_wrapper\"><div class=\"wpb_gmaps_widget wpb_content_element\"><div class=\"wpb_wrapper\"><div class=\"wpb_map_wraper\"><iframe src=\"https:\/\/www.google.com\/maps\/embed?pb=!1m14!1m8!1m3!1d1598.8665891845098!2d3.0662822!3d36.7289689!3m2!1i1024!2i768!4f13.1!3m3!1m2!1s0x0%3A0x0!2zMzbCsDQzJzQzLjQiTiAzwrAwNCcwNi40IkU!5e0!3m2!1sfr!2sdz!4v1623595195404!5m2!1sfr!2sdz\" width=\"600\" height=\"330\" style=\"border:0;\" allowfullscreen=\"\" loading=\"lazy\"><\/iframe><\/div><\/div><\/div><\/div><\/div><\/div><div class=\"wpb_column vc_column_container vc_col-sm-4\"><div class=\"vc_column-inner\"><div class=\"wpb_wrapper\">\n<div class=\"stm_contacts_widget vc_custom_1762112802799 overlay_3 style_1\">\n    \n            <h4 class=\"no_stripe\">D\u00e9tails du Contact<\/h4>\n    \n    \n        <ul>\n                            <li>\n                    <div class=\"icon\"><i class=\"fa fa-map-marker\"><\/i><\/div>\n                    <div class=\"text\">Cit\u00e9 Mohamed GARIDI 01, B\u00e2t 14, N\u00b001, 16056 - Kouba \u2013 Alger<\/div>\n                <\/li>\n                                        <li>\n                    <div class=\"icon\"><i class=\"fa fa-phone\"><\/i><\/div>\n                    <div class=\"text\">\n                        +213 28 25 60 37                                            <\/div>\n                <\/li>\n                                                    <li>\n                    <div class=\"icon\"><i class=\"fa fa-envelope\"><\/i><\/div>\n                    <div class=\"text\"><a href=\"mailto:&#108;&#97;ab&#64;be&#115;t&#97;&#115;s&#117;&#114;&#97;&#110;ce&#45;d&#122;.com\">la&#97;&#98;&#64;besta&#115;su&#114;an&#99;&#101;&#45;&#100;&#122;&#46;&#99;om<\/a><\/div>\n                <\/li>\n                                <\/ul>\n                    <ul class=\"socials\">\n                                    <li><a href=\"https:\/\/www.facebook.com\/BestAssuranceDz\" target=\"_blank\" class=\"social-facebook\"><i class=\"fa fa-facebook\"><\/i><\/a><\/li>\n                                                                    <li><a href=\"https:\/\/dz.linkedin.com\/company\/best-assurance\" target=\"_blank\" class=\"social-linkedin\"><i class=\"fa fa-linkedin\"><\/i><\/a><\/li>\n                                                            <\/ul>\n        \n    \n<\/div><\/div><\/div><\/div><\/div><div class=\"vc_row wpb_row vc_inner vc_row-fluid\"><div class=\"wpb_column vc_column_container vc_col-sm-8\"><div class=\"vc_column-inner\"><div class=\"wpb_wrapper\"><div class=\"vc_custom_heading vc_custom_1623680867822 text_align_left\" ><h4 style=\"text-align: left\" class=\"consulting-custom-title\">Contact<\/h4><\/div><\/div><\/div><\/div><div class=\"wpb_column vc_column_container vc_col-sm-4\"><div class=\"vc_column-inner\"><div class=\"wpb_wrapper\"><div class=\"vc_custom_heading vc_custom_1623680429490 text_align_left\" ><h4 style=\"text-align: left\" class=\"consulting-custom-title\">Manageur<\/h4><\/div>    <div class=\"stm_contact_two clearfix\">\n                    <div class=\"stm_contact_image\">\n                <img width=\"118\" height=\"177\" src=\"https:\/\/bestassurance-dz.com\/wp-content\/uploads\/2019\/09\/ait.png\" class=\"attachment-full\" alt=\"\" loading=\"lazy\" \/>            <\/div>\n                <div class=\"stm_contact_info\">\n            <h5 class=\"no_stripe\">M. AIT ALI BRAHAM LAZIZ<\/h5>\n                            <div class=\"stm_contact_job\">Directeur Marketing et d\u00e9veloppement<\/div>\n                                        <div class=\"stm_contact_row\"><i class=\"fa fa-phone\"><\/i> +213 770 06 40 54                    <br\/><\/div>\n                                        <div class=\"stm_contact_row\"><i class=\"fa fa-envelope\"><\/i> <a\n                        href=\"mailto:&#108;&#97;&#97;b&#64;b&#101;&#115;tass&#117;r&#97;&#110;&#99;&#101;&#45;dz.c&#111;&#109;\">&#108;aab&#64;bes&#116;&#97;&#115;&#115;&#117;&#114;anc&#101;&#45;dz&#46;co&#109;<\/a>\n                <\/div>\n                                <\/div>\n    <\/div>\n<\/div><\/div><\/div><\/div><\/div><\/div><div class=\"vc_tta-panel\" id=\"1452509682381-ee09d239-2bfa\" data-vc-content=\".vc_tta-panel-body\"><div class=\"vc_tta-panel-heading\"><h4 class=\"vc_tta-panel-title\"><a href=\"#1452509682381-ee09d239-2bfa\" data-vc-accordion data-vc-container=\".vc_tta-container\"><i class=\"vc_tta-icon fas fa-building\"><\/i><span class=\"vc_tta-title-text\">Bureau d'Oran<\/span><\/a><\/h4><\/div><div class=\"vc_tta-panel-body\"><div class=\"vc_row wpb_row vc_inner vc_row-fluid vc_custom_1452504967583\"><div class=\"wpb_column vc_column_container vc_col-sm-4\"><div class=\"vc_column-inner\"><div class=\"wpb_wrapper\">\n\t<div  class=\"wpb_single_image wpb_content_element vc_align_left\">\n\t\t\n\t\t<figure class=\"wpb_wrapper vc_figure\">\n\t\t\t<div class=\"vc_single_image-wrapper   vc_box_border_grey\"><img width=\"350\" height=\"265\" src=\"https:\/\/bestassurance-dz.com\/wp-content\/uploads\/2022\/03\/logo-contact.png\" class=\"vc_single_image-img attachment-full\" alt=\"\" loading=\"lazy\" srcset=\"https:\/\/bestassurance-dz.com\/wp-content\/uploads\/2022\/03\/logo-contact.png 350w, https:\/\/bestassurance-dz.com\/wp-content\/uploads\/2022\/03\/logo-contact-300x227.png 300w\" sizes=\"(max-width: 350px) 100vw, 350px\" \/><\/div>\n\t\t<\/figure>\n\t<\/div>\n<\/div><\/div><\/div><div class=\"wpb_column vc_column_container vc_col-sm-4\"><div class=\"vc_column-inner\"><div class=\"wpb_wrapper\"><div class=\"wpb_gmaps_widget wpb_content_element\"><div class=\"wpb_wrapper\"><div class=\"wpb_map_wraper\"><iframe src=\"https:\/\/www.google.com\/maps\/embed?pb=!1m14!1m8!1m3!1d12959.208351119187!2d-0.5673143!3d35.7064876!3m2!1i1024!2i768!4f13.1!3m3!1m2!1s0x0%3A0x0!2zMzXCsDQyJzIzLjciTiAwwrAzMycyMS40Ilc!5e0!3m2!1sfr!2sdz!4v1623595295015!5m2!1sfr!2sdz\" width=\"600\" height=\"330\" style=\"border:0;\" allowfullscreen=\"\" loading=\"lazy\"><\/iframe><\/div><\/div><\/div><\/div><\/div><\/div><div class=\"wpb_column vc_column_container vc_col-sm-4\"><div class=\"vc_column-inner\"><div class=\"wpb_wrapper\">\n<div class=\"stm_contacts_widget vc_custom_1762112823286 overlay_3 style_1\">\n    \n            <h4 class=\"no_stripe\">D\u00e9tails du Contact<\/h4>\n    \n    \n        <ul>\n                            <li>\n                    <div class=\"icon\"><i class=\"fa fa-map-marker\"><\/i><\/div>\n                    <div class=\"text\">R\u00e9sidence El Hana, L\u00f4t 99, B\u00e2t G, Hai El Yasmine, 31023 \u2013 Bir El Djir \u2013 Oran<\/div>\n                <\/li>\n                                        <li>\n                    <div class=\"icon\"><i class=\"fa fa-phone\"><\/i><\/div>\n                    <div class=\"text\">\n                        +213 40 54 75 60                                            <\/div>\n                <\/li>\n                                                    <li>\n                    <div class=\"icon\"><i class=\"fa fa-envelope\"><\/i><\/div>\n                    <div class=\"text\"><a href=\"mailto:&#110;&#46;&#107;&#97;&#99;i&#64;bestassu&#114;&#97;&#110;&#99;e&#45;dz&#46;com\">n.k&#97;&#99;&#105;&#64;besta&#115;s&#117;&#114;a&#110;&#99;e-dz&#46;&#99;&#111;m<\/a><\/div>\n                <\/li>\n                                <\/ul>\n                    <ul class=\"socials\">\n                                    <li><a href=\"https:\/\/www.facebook.com\/BestAssuranceDz\" target=\"_blank\" class=\"social-facebook\"><i class=\"fa fa-facebook\"><\/i><\/a><\/li>\n                                                                    <li><a href=\"https:\/\/dz.linkedin.com\/company\/best-assurance\" target=\"_blank\" class=\"social-linkedin\"><i class=\"fa fa-linkedin\"><\/i><\/a><\/li>\n                                                            <\/ul>\n        \n    \n<\/div><\/div><\/div><\/div><\/div><div class=\"vc_row wpb_row vc_inner vc_row-fluid\"><div class=\"wpb_column vc_column_container vc_col-sm-8\"><div class=\"vc_column-inner\"><div class=\"wpb_wrapper\"><div class=\"vc_custom_heading vc_custom_1623680891362 text_align_left\" ><h4 style=\"text-align: left\" class=\"consulting-custom-title\">Contact<\/h4><\/div><\/div><\/div><\/div><div class=\"wpb_column vc_column_container vc_col-sm-4\"><div class=\"vc_column-inner\"><div class=\"wpb_wrapper\"><div class=\"vc_custom_heading vc_custom_1623680587463 text_align_left\" ><h4 style=\"text-align: left\" class=\"consulting-custom-title\">Manageur<\/h4><\/div>    <div class=\"stm_contact_two clearfix\">\n                    <div class=\"stm_contact_image\">\n                <img class=\"\" src=\"https:\/\/bestassurance-dz.com\/wp-content\/uploads\/2019\/09\/logo.png\" width=\"119\" height=\"90\" alt=\"logo\" title=\"logo\" \/>            <\/div>\n                <div class=\"stm_contact_info\">\n            <h5 class=\"no_stripe\">Mme. KACI Fatima Zohra<\/h5>\n                            <div class=\"stm_contact_job\">Directrice Marketing et d\u00e9veloppement<\/div>\n                                        <div class=\"stm_contact_row\"><i class=\"fa fa-phone\"><\/i> +213 770 06 46 14                    <br\/><\/div>\n                                        <div class=\"stm_contact_row\"><i class=\"fa fa-envelope\"><\/i> <a\n                        href=\"mailto:&#110;&#46;&#107;a&#99;i&#64;&#98;&#101;&#115;&#116;&#97;&#115;sura&#110;c&#101;-&#100;z.&#99;&#111;m\">&#110;&#46;&#107;a&#99;i&#64;b&#101;s&#116;&#97;&#115;sura&#110;c&#101;&#45;dz.com<\/a>\n                <\/div>\n                                <\/div>\n    <\/div>\n<\/div><\/div><\/div><\/div><\/div><\/div><\/div><\/div><\/div><\/div><\/div><\/div><\/div><\/div><div data-vc-full-width=\"true\" data-vc-full-width-init=\"false\" class=\"vc_row wpb_row vc_row-fluid third_bg_color vc_custom_1451889219674\"><div class=\"wpb_column vc_column_container vc_col-sm-12\"><div class=\"vc_column-inner\"><div class=\"wpb_wrapper\">\n<section class=\"vc_cta3-container\" >\n    <div class=\"vc_general vc_cta3 third_bg_color vc_cta3-style-flat vc_cta3-shape-square vc_cta3-align-left vc_cta3-color-classic vc_cta3-icon-size-md vc_cta3-actions-right vc_custom_1646556436552 style=\"\"\">\n                        <div class=\"vc_cta3_content-container\">\n                                    <div class=\"vc_cta3-content\">\n                <header class=\"vc_cta3-content-header\">\n                    <div class=\"vc_custom_heading text_align_left\" ><h2 style=\"font-size: 20px;color: #000000;line-height: 24px;text-align: left\" class=\"consulting-custom-title\">Best Assurance Conseils - Courtage - N\u00e9gociations<\/h2><\/div>                                    <\/header>\n                            <\/div>\n                        <div class=\"vc_cta3-actions\"><div class=\"vc_btn3-container vc_btn3-right\" ><a class=\"vc_general vc_btn3 vc_btn3-size-md vc_btn3-shape-rounded vc_btn3-style-flat vc_btn3-block vc_btn3-icon-left vc_btn3-color-theme_style_2\" href=\"https:\/\/bestassurance-dz.com\/en\/\" title=\"\"><i class=\"vc_btn3-icon fas fa-home\"><\/i> Home<\/a><\/div><\/div>        <\/div>\n                    <\/div>\n<\/section><\/div><\/div><\/div><\/div><div class=\"vc_row-full-width vc_clearfix\"><\/div>","protected":false},"excerpt":{"rendered":"Bureau de Constantine (Si\u00e8ge social)Bureau d'AlgerBureau d'OranBureau de Constantine (Si\u00e8ge social) D\u00e9tails du Contact Cit\u00e9 BIDI Louiza, Villa B5, 25000 - Constantine Directeur G\u00e9n\u00e9ral : +213 39 38 70 25, Secr\u00e9tariat : +213 39 38 70 23 \/ +213 39 38 70 27, Service Technique : +213 39 38 70 28, Fax : +213 39","protected":false},"author":1,"featured_media":0,"parent":0,"menu_order":0,"comment_status":"closed","ping_status":"closed","template":"","meta":[],"_links":{"self":[{"href":"https:\/\/bestassurance-dz.com\/en\/wp-json\/wp\/v2\/pages\/6352"}],"collection":[{"href":"https:\/\/bestassurance-dz.com\/en\/wp-json\/wp\/v2\/pages"}],"about":[{"href":"https:\/\/bestassurance-dz.com\/en\/wp-json\/wp\/v2\/types\/page"}],"author":[{"embeddable":true,"href":"https:\/\/bestassurance-dz.com\/en\/wp-json\/wp\/v2\/users\/1"}],"replies":[{"embeddable":true,"href":"https:\/\/bestassurance-dz.com\/en\/wp-json\/wp\/v2\/comments?post=6352"}],"version-history":[{"count":45,"href":"https:\/\/bestassurance-dz.com\/en\/wp-json\/wp\/v2\/pages\/6352\/revisions"}],"predecessor-version":[{"id":8635,"href":"https:\/\/bestassurance-dz.com\/en\/wp-json\/wp\/v2\/pages\/6352\/revisions\/8635"}],"wp:attachment":[{"href":"https:\/\/bestassurance-dz.com\/en\/wp-json\/wp\/v2\/media?parent=6352"}],"curies":[{"name":"wp","href":"https:\/\/api.w.org\/{rel}","templated":true}]}}