{"id":390,"date":"2016-01-07T05:57:45","date_gmt":"2016-01-07T05:57:45","guid":{"rendered":"http:\/\/consulting.stylemixthemes.com\/demo\/?page_id=390"},"modified":"2022-03-08T16:24:49","modified_gmt":"2022-03-08T15:24:49","slug":"nos-partenaires","status":"publish","type":"page","link":"https:\/\/bestassurance-dz.com\/en\/qui-sommes-nous\/nos-partenaires\/","title":{"rendered":"Nos Partenaires"},"content":{"rendered":"<div class=\"vc_row wpb_row vc_row-fluid vc_custom_1451991003825\"><div class=\"wpb_column vc_column_container vc_col-sm-9\"><div class=\"vc_column-inner\"><div class=\"wpb_wrapper\"><div class=\"vc_row wpb_row vc_inner vc_row-fluid vc_custom_1452152300724\"><div class=\"wpb_column vc_column_container vc_col-sm-12\"><div class=\"vc_column-inner\"><div class=\"wpb_wrapper\"><div class=\"stm_partner vc_custom_1646752237104 style_2\">\n            <div class=\"image\">\n            <img width=\"136\" height=\"104\" src=\"https:\/\/bestassurance-dz.com\/wp-content\/uploads\/2021\/06\/caar-2.png\" class=\"attachment-consulting-image-350x204-croped\" alt=\"\" loading=\"lazy\" \/>        <\/div>\n        <div class=\"stm_partner_content\">\n                                                                        <h4 class=\"no_stripe\"><a href=\"https:\/\/caar.dz\/\" target=\"_self\">CAAR<\/a><\/h4>\n                                                        <div class=\"position\">\n                Compagnie Alg\u00e9rienne d'Assurance et de R\u00e9assurance\n            <\/div>\n                            <\/div>\n<\/div><div class=\"stm_partner vc_custom_1646752266808 style_2\">\n            <div class=\"image\">\n            <img width=\"136\" height=\"96\" src=\"https:\/\/bestassurance-dz.com\/wp-content\/uploads\/2021\/06\/saa.png\" class=\"attachment-consulting-image-350x204-croped\" alt=\"\" loading=\"lazy\" \/>        <\/div>\n        <div class=\"stm_partner_content\">\n                                                                        <h4 class=\"no_stripe\"><a href=\"https:\/\/www.saa.dz\/\" target=\"_self\">SAA<\/a><\/h4>\n                                                        <div class=\"position\">\n                Soci\u00e9t\u00e9 Nationale d'Assurance\n            <\/div>\n                            <\/div>\n<\/div><div class=\"stm_partner vc_custom_1646752297185 style_2\">\n            <div class=\"image\">\n            <img width=\"139\" height=\"96\" src=\"https:\/\/bestassurance-dz.com\/wp-content\/uploads\/2021\/06\/caat.png\" class=\"attachment-consulting-image-350x204-croped\" alt=\"\" loading=\"lazy\" \/>        <\/div>\n        <div class=\"stm_partner_content\">\n                                                                        <h4 class=\"no_stripe\"><a href=\"https:\/\/www.caat.dz\/\" target=\"_self\">CAAT<\/a><\/h4>\n                                                        <div class=\"position\">\n                Compagnie Alg\u00e9rienne des Assurances\n            <\/div>\n                            <\/div>\n<\/div><div class=\"stm_partner vc_custom_1646752401554 style_2\">\n            <div class=\"image\">\n            <img width=\"160\" height=\"96\" src=\"https:\/\/bestassurance-dz.com\/wp-content\/uploads\/2021\/06\/cash.png\" class=\"attachment-consulting-image-350x204-croped\" alt=\"\" loading=\"lazy\" \/>        <\/div>\n        <div class=\"stm_partner_content\">\n                                                                        <h4 class=\"no_stripe\"><a href=\"https:\/\/www.cash-assurances.dz\/\" target=\"_self\">CASH<\/a><\/h4>\n                                                        <div class=\"position\">\n                Compagnie d'Assurance des Hydrocarbures\n            <\/div>\n                            <\/div>\n<\/div><div class=\"stm_partner vc_custom_1646752435929 style_2\">\n            <div class=\"image\">\n            <img width=\"140\" height=\"110\" src=\"https:\/\/bestassurance-dz.com\/wp-content\/uploads\/2022\/03\/logo-horizontal-1.png\" class=\"attachment-consulting-image-350x204-croped\" alt=\"\" loading=\"lazy\" \/>        <\/div>\n        <div class=\"stm_partner_content\">\n                                                                        <h4 class=\"no_stripe\"><a href=\"https:\/\/www.gig.dz\/\" target=\"_self\">GIG<\/a><\/h4>\n                                                        <div class=\"position\">\n                Gulf Insurance Group\n            <\/div>\n                            <\/div>\n<\/div><div class=\"stm_partner vc_custom_1646752501434 style_2\">\n            <div class=\"image\">\n            <img width=\"253\" height=\"46\" src=\"https:\/\/bestassurance-dz.com\/wp-content\/uploads\/2021\/06\/alliance-assurance1.png\" class=\"attachment-consulting-image-350x204-croped\" alt=\"\" loading=\"lazy\" \/>        <\/div>\n        <div class=\"stm_partner_content\">\n                                                                        <h4 class=\"no_stripe\"><a href=\"https:\/\/allianceassurances.com.dz\/fr\/\" target=\"_self\">ALLIANCE<\/a><\/h4>\n                                                        <div class=\"position\">\n                Alliance Assurances\n            <\/div>\n                            <\/div>\n<\/div><div class=\"stm_partner vc_custom_1646752540078 style_2\">\n            <div class=\"image\">\n            <img width=\"301\" height=\"151\" src=\"https:\/\/bestassurance-dz.com\/wp-content\/uploads\/2021\/06\/ciar-2.png\" class=\"attachment-consulting-image-350x204-croped\" alt=\"\" loading=\"lazy\" \/>        <\/div>\n        <div class=\"stm_partner_content\">\n                                                                        <h4 class=\"no_stripe\"><a href=\"https:\/\/www.laciar.com\/\" target=\"_self\">CIAR<\/a><\/h4>\n                                                        <div class=\"position\">\n                Compagnie Internationale d'Assurance et de R\u00e9assurance\n            <\/div>\n                            <\/div>\n<\/div><div class=\"stm_partner vc_custom_1646752687600 style_2\">\n            <div class=\"image\">\n            <img width=\"136\" height=\"96\" src=\"https:\/\/bestassurance-dz.com\/wp-content\/uploads\/2021\/06\/gam.png\" class=\"attachment-consulting-image-350x204-croped\" alt=\"\" loading=\"lazy\" \/>        <\/div>\n        <div class=\"stm_partner_content\">\n                                                                        <h4 class=\"no_stripe\"><a href=\"https:\/\/gam.dz\/\" target=\"_self\">GAM<\/a><\/h4>\n                                                        <div class=\"position\">\n                G\u00e9n\u00e9rale Assurance M\u00e9diterran\u00e9enne\n            <\/div>\n                            <\/div>\n<\/div><div class=\"stm_partner vc_custom_1646752716888 style_2\">\n            <div class=\"image\">\n            <img width=\"200\" height=\"96\" src=\"https:\/\/bestassurance-dz.com\/wp-content\/uploads\/2021\/06\/salama.png\" class=\"attachment-consulting-image-350x204-croped\" alt=\"\" loading=\"lazy\" \/>        <\/div>\n        <div class=\"stm_partner_content\">\n                                                                        <h4 class=\"no_stripe\"><a href=\"http:\/\/www.salama-assurances.dz\/\" target=\"_self\">SALAMA<\/a><\/h4>\n                                                        <div class=\"position\">\n                Salama Assurances Alg\u00e9rie\n            <\/div>\n                            <\/div>\n<\/div><div class=\"stm_partner vc_custom_1646752736623 style_2\">\n            <div class=\"image\">\n            <img width=\"350\" height=\"204\" src=\"https:\/\/bestassurance-dz.com\/wp-content\/uploads\/2022\/03\/logo-axa_8653-350x204.jpg\" class=\"attachment-consulting-image-350x204-croped\" alt=\"\" loading=\"lazy\" \/>        <\/div>\n        <div class=\"stm_partner_content\">\n                                                                        <h4 class=\"no_stripe\"><a href=\"https:\/\/www.axa.dz\/\" target=\"_self\">AXA. ASSURANCE ALGERIE DOMMAGE<\/a><\/h4>\n                                                        <div class=\"position\">\n                AXA Assurances Alg\u00e9rie Dommage\n            <\/div>\n                            <\/div>\n<\/div><div class=\"stm_partner vc_custom_1646752871759 style_2\">\n            <div class=\"image\">\n            <img width=\"146\" height=\"96\" src=\"https:\/\/bestassurance-dz.com\/wp-content\/uploads\/2021\/06\/trust.png\" class=\"attachment-consulting-image-350x204-croped\" alt=\"\" loading=\"lazy\" \/>        <\/div>\n        <div class=\"stm_partner_content\">\n                                                                        <h4 class=\"no_stripe\"><a href=\"https:\/\/trust-dz.com\/\" target=\"_self\">TRUST<\/a><\/h4>\n                                                        <div class=\"position\">\n                Trust Algeria Assurances et R\u00e9assurance\n            <\/div>\n                            <\/div>\n<\/div><div class=\"stm_partner vc_custom_1646752912966 style_2\">\n            <div class=\"image\">\n            <img width=\"190\" height=\"100\" src=\"https:\/\/bestassurance-dz.com\/wp-content\/uploads\/2022\/03\/logo-TALA-Assurance-e1594133986978.png\" class=\"attachment-consulting-image-350x204-croped\" alt=\"\" loading=\"lazy\" \/>        <\/div>\n        <div class=\"stm_partner_content\">\n                                                                        <h4 class=\"no_stripe\"><a href=\"https:\/\/www.tala.dz\/\" target=\"_self\">TAAMINE LIFE ALGERIE<\/a><\/h4>\n                                                        <div class=\"position\">\n                TAAMINE LIFE ALGERIE\n            <\/div>\n                            <\/div>\n<\/div><div class=\"stm_partner vc_custom_1646752960184 style_2\">\n            <div class=\"image\">\n            <img width=\"300\" height=\"204\" src=\"https:\/\/bestassurance-dz.com\/wp-content\/uploads\/2022\/03\/caarama_perso-300x204.png\" class=\"attachment-consulting-image-350x204-croped\" alt=\"\" loading=\"lazy\" \/>        <\/div>\n        <div class=\"stm_partner_content\">\n                                                                        <h4 class=\"no_stripe\"><a href=\"https:\/\/www.caarama.dz\/index.php\/en\/\" target=\"_self\">CAARAMA ASSURANCE<\/a><\/h4>\n                                                        <div class=\"position\">\n                CAARAMA ASSURANCE\n            <\/div>\n                            <\/div>\n<\/div><div class=\"stm_partner vc_custom_1646752991838 style_2\">\n            <div class=\"image\">\n            <img width=\"350\" height=\"204\" src=\"https:\/\/bestassurance-dz.com\/wp-content\/uploads\/2022\/03\/logo-horizontal-768x205-1-350x204.png\" class=\"attachment-consulting-image-350x204-croped\" alt=\"\" loading=\"lazy\" \/>        <\/div>\n        <div class=\"stm_partner_content\">\n                                                                        <h4 class=\"no_stripe\"><a href=\"https:\/\/lalgeriennevie.dz\/\" target=\"_self\">AGLIC<\/a><\/h4>\n                                                        <div class=\"position\">\n                L\u2019Alg\u00e9rienne Vie\n            <\/div>\n                            <\/div>\n<\/div><div class=\"stm_partner vc_custom_1646753020174 style_2\">\n            <div class=\"image\">\n            <img width=\"240\" height=\"204\" src=\"https:\/\/bestassurance-dz.com\/wp-content\/uploads\/2022\/03\/axa-240x204.png\" class=\"attachment-consulting-image-350x204-croped\" alt=\"\" loading=\"lazy\" \/>        <\/div>\n        <div class=\"stm_partner_content\">\n                                                                        <h4 class=\"no_stripe\"><a href=\"https:\/\/www.axa.dz\/\" target=\"_self\">AXA ALGERIE ASSURANCE VIE<\/a><\/h4>\n                                                        <div class=\"position\">\n                AXA ALGERIE ASSURANCE VIE\n            <\/div>\n                            <\/div>\n<\/div><div class=\"stm_partner vc_custom_1646753038584 style_2\">\n            <div class=\"image\">\n            <img width=\"168\" height=\"46\" src=\"https:\/\/bestassurance-dz.com\/wp-content\/uploads\/2022\/03\/logo.png\" class=\"attachment-consulting-image-350x204-croped\" alt=\"\" loading=\"lazy\" \/>        <\/div>\n        <div class=\"stm_partner_content\">\n                                                                        <h4 class=\"no_stripe\"><a href=\"https:\/\/www.amana.dz\/\" target=\"_self\">AMANA ASSURANCE<\/a><\/h4>\n                                                        <div class=\"position\">\n                AMANA ASSURANCE\n            <\/div>\n                            <\/div>\n<\/div><div class=\"stm_partner vc_custom_1646753072998 style_2\">\n            <div class=\"image\">\n            <img width=\"350\" height=\"204\" src=\"https:\/\/bestassurance-dz.com\/wp-content\/uploads\/2022\/03\/252788233_4272201666239431_9022109133607661824_n-350x204.jpg\" class=\"attachment-consulting-image-350x204-croped\" alt=\"\" loading=\"lazy\" \/>        <\/div>\n        <div class=\"stm_partner_content\">\n                                                                        <h4 class=\"no_stripe\"><a href=\"https:\/\/www.macirvie.com\/fr\" target=\"_self\">MACIR VIE<\/a><\/h4>\n                                                        <div class=\"position\">\n                MACIR VIE\n            <\/div>\n                            <\/div>\n<\/div><\/div><\/div><\/div><\/div><\/div><\/div><\/div><div class=\"wpb_column vc_column_container vc_col-sm-3\"><div class=\"vc_column-inner\"><div class=\"wpb_wrapper\">\n<div class=\"stm_sidebar\">\n\n            <style type=\"text\/css\" scoped>\n            .vc_custom_1451998133493{margin-bottom: 30px !important;}.vc_custom_1452056597103{margin-right: 0px !important;margin-bottom: 30px !important;margin-left: 0px !important;}.vc_custom_1452056633692{padding-top: 37px !important;padding-right: 30px !important;padding-bottom: 40px !important;padding-left: 30px !important;}.vc_custom_1646750799019{margin-bottom: 9px !important;}.vc_custom_1646750811556{margin-bottom: 17px !important;}        <\/style>\n        <div class=\"vc_row wpb_row vc_row-fluid vc_custom_1451998133493\"><div class=\"wpb_column vc_column_container vc_col-sm-12\"><div class=\"vc_column-inner\"><div class=\"wpb_wrapper\"><div class=\"vc_wp_custommenu wpb_content_element mb-30\"><\/div><div class=\"vc_btn3-container vc_btn3-left\" ><button class=\"vc_general vc_btn3 vc_btn3-size-lg vc_btn3-shape-rounded vc_btn3-style-flat vc_btn3-block vc_btn3-icon-left vc_btn3-color-theme_style_1\"><i class=\"vc_btn3-icon fas fa-file-pdf\"><\/i> Pr\u00e9sentation<\/button><\/div><\/div><\/div><\/div><\/div><div class=\"vc_row wpb_row vc_row-fluid third_bg_color vc_custom_1452056597103\"><div class=\"wpb_column vc_column_container vc_col-sm-12\"><div class=\"vc_column-inner vc_custom_1452056633692\"><div class=\"wpb_wrapper\"><div class=\"vc_custom_heading vc_custom_1646750799019 text_align_left\" ><div style=\"font-size: 16px;color: #222222;text-align: left;font-family:Poppins;font-weight:600;font-style:normal\" class=\"consulting-custom-title\">Best Assurance<\/div><\/div>\n\t<div class=\"wpb_text_column wpb_content_element  vc_custom_1646750811556\" >\n\t\t<div class=\"wpb_wrapper\">\n\t\t\t<p><span style=\"font-size: 13px; line-height: 22px;\">Soci\u00e9t\u00e9 de Conseil et de Courtage en Assurance<\/span><\/p>\n\n\t\t<\/div>\n\t<\/div>\n<div class=\"vc_btn3-container vc_btn3-inline\" ><a class=\"vc_general vc_btn3 vc_btn3-size-sm vc_btn3-shape-rounded vc_btn3-style-flat vc_btn3-icon-left vc_btn3-color-white\" href=\"https:\/\/bestassurance-dz.com\/en\/contact\/\" title=\"\"><i class=\"vc_btn3-icon fas fa-phone-square-alt\"><\/i> Contacts<\/a><\/div><\/div><\/div><\/div><\/div><div class=\"vc_row wpb_row vc_row-fluid\"><div class=\"wpb_column vc_column_container vc_col-sm-12\"><div class=\"vc_column-inner\"><div class=\"wpb_wrapper\">\n\n            <div class=\"stm_testimonials cols_1 style_1\">\n                            <div class=\"item\">\n                    <div class=\"testimonial\"><p  style=\"text-align:justify;\">L\u2019activit\u00e9 de courtage et de conseil en assurance a \u00e9t\u00e9 institu\u00e9e par l\u2019ordonnance N\u00b095\/07 du 25\/01\/95 relative aux assurances r\u00e9pondant \u00e0 un r\u00e9el besoin des Managers d\u2019entreprises pour un accompagnement d\u2019un professionnel en assurance en mati\u00e8re de conseil et de n\u00e9gociation pour la conclusion des contrats aupr\u00e8s des fournisseurs des garanties (Les Compagnies d\u2019assurance). Car, comme dit l\u2019adage,<\/p>\n<\/div>\n                    <div class=\"testimonial-info clearfix\">\n                        <div class=\"testimonial-image\"><img width=\"50\" height=\"50\" src=\"https:\/\/bestassurance-dz.com\/wp-content\/uploads\/2019\/09\/fav-icon-50x50.png\" class=\"attachment-consulting-image-50x50-croped size-consulting-image-50x50-croped wp-post-image\" alt=\"\" loading=\"lazy\" srcset=\"https:\/\/bestassurance-dz.com\/wp-content\/uploads\/2019\/09\/fav-icon-50x50.png 50w, https:\/\/bestassurance-dz.com\/wp-content\/uploads\/2019\/09\/fav-icon-300x300.png 300w, https:\/\/bestassurance-dz.com\/wp-content\/uploads\/2019\/09\/fav-icon-150x150.png 150w, https:\/\/bestassurance-dz.com\/wp-content\/uploads\/2019\/09\/fav-icon-320x320.png 320w, https:\/\/bestassurance-dz.com\/wp-content\/uploads\/2019\/09\/fav-icon-100x100.png 100w, https:\/\/bestassurance-dz.com\/wp-content\/uploads\/2019\/09\/fav-icon.png 512w\" sizes=\"(max-width: 50px) 100vw, 50px\" \/><\/div>\n                        <div class=\"testimonial-text\">\n                            <div class=\"name\">Best Assurance<\/div>\n                            <div class=\"company\">\n                                Conseils, Courtage,  N\u00e9gociations.                            <\/div>\n                        <\/div>\n                    <\/div>\n                <\/div>\n                    <\/div>\n    \n<\/div><\/div><\/div><\/div>\n    \n<\/div><\/div><\/div><\/div><\/div><div data-vc-full-width=\"true\" data-vc-full-width-init=\"false\" class=\"vc_row wpb_row vc_row-fluid third_bg_color vc_custom_1451889219674\"><div class=\"wpb_column vc_column_container vc_col-sm-12\"><div class=\"vc_column-inner\"><div class=\"wpb_wrapper\">\n<section class=\"vc_cta3-container\" >\n    <div class=\"vc_general vc_cta3 third_bg_color vc_cta3-style-flat vc_cta3-shape-square vc_cta3-align-left vc_cta3-color-classic vc_cta3-icon-size-md vc_cta3-actions-right vc_custom_1646750909593 style=\"\"\">\n                        <div class=\"vc_cta3_content-container\">\n                                    <div class=\"vc_cta3-content\">\n                <header class=\"vc_cta3-content-header\">\n                    <div class=\"vc_custom_heading text_align_left\" ><h2 style=\"font-size: 20px;color: #000000;line-height: 24px;text-align: left\" class=\"consulting-custom-title\">Best Assurance Conseils - Courtage - N\u00e9gociations<\/h2><\/div>                                    <\/header>\n                            <\/div>\n                        <div class=\"vc_cta3-actions\"><div class=\"vc_btn3-container vc_btn3-right\" ><a class=\"vc_general vc_btn3 vc_btn3-size-md vc_btn3-shape-rounded vc_btn3-style-flat vc_btn3-block vc_btn3-icon-right vc_btn3-color-theme_style_2\" href=\"https:\/\/bestassurance-dz.com\/en\/\" title=\"\">Home <i class=\"vc_btn3-icon fas fa-home\"><\/i><\/a><\/div><\/div>        <\/div>\n                    <\/div>\n<\/section><\/div><\/div><\/div><\/div><div class=\"vc_row-full-width vc_clearfix\"><\/div>","protected":false},"excerpt":{"rendered":"","protected":false},"author":1,"featured_media":0,"parent":6351,"menu_order":0,"comment_status":"closed","ping_status":"closed","template":"","meta":[],"_links":{"self":[{"href":"https:\/\/bestassurance-dz.com\/en\/wp-json\/wp\/v2\/pages\/390"}],"collection":[{"href":"https:\/\/bestassurance-dz.com\/en\/wp-json\/wp\/v2\/pages"}],"about":[{"href":"https:\/\/bestassurance-dz.com\/en\/wp-json\/wp\/v2\/types\/page"}],"author":[{"embeddable":true,"href":"https:\/\/bestassurance-dz.com\/en\/wp-json\/wp\/v2\/users\/1"}],"replies":[{"embeddable":true,"href":"https:\/\/bestassurance-dz.com\/en\/wp-json\/wp\/v2\/comments?post=390"}],"version-history":[{"count":14,"href":"https:\/\/bestassurance-dz.com\/en\/wp-json\/wp\/v2\/pages\/390\/revisions"}],"predecessor-version":[{"id":7878,"href":"https:\/\/bestassurance-dz.com\/en\/wp-json\/wp\/v2\/pages\/390\/revisions\/7878"}],"up":[{"embeddable":true,"href":"https:\/\/bestassurance-dz.com\/en\/wp-json\/wp\/v2\/pages\/6351"}],"wp:attachment":[{"href":"https:\/\/bestassurance-dz.com\/en\/wp-json\/wp\/v2\/media?parent=390"}],"curies":[{"name":"wp","href":"https:\/\/api.w.org\/{rel}","templated":true}]}}